{"id":786,"date":"2022-07-31T00:30:53","date_gmt":"2022-07-30T22:30:53","guid":{"rendered":"http:\/\/coasteeringbornholm.dk\/?page_id=786"},"modified":"2026-04-06T20:55:11","modified_gmt":"2026-04-06T18:55:11","slug":"priser-tilmelding","status":"publish","type":"page","link":"https:\/\/coasteeringbornholm.dk\/en\/priser-tilmelding\/","title":{"rendered":"Prices &amp; Registration"},"content":{"rendered":"<div data-elementor-type=\"wp-post\" data-elementor-id=\"786\" class=\"elementor elementor-786\">\n\t\t\t\t\t\t<section class=\"elementor-section elementor-top-section elementor-element elementor-element-94f9262 elementor-section-boxed elementor-section-height-default elementor-section-height-default\" data-id=\"94f9262\" data-element_type=\"section\" data-e-type=\"section\">\n\t\t\t\t\t\t<div class=\"elementor-container elementor-column-gap-default\">\n\t\t\t\t\t<div class=\"elementor-column elementor-col-100 elementor-top-column elementor-element elementor-element-425c93f\" data-id=\"425c93f\" data-element_type=\"column\" data-e-type=\"column\">\n\t\t\t<div class=\"elementor-widget-wrap elementor-element-populated\">\n\t\t\t\t\t\t<div class=\"elementor-element elementor-element-ea05099 elementor-widget elementor-widget-heading\" data-id=\"ea05099\" data-element_type=\"widget\" data-e-type=\"widget\" data-widget_type=\"heading.default\">\n\t\t\t\t<div class=\"elementor-widget-container\">\n\t\t\t\t\t<h1 class=\"elementor-heading-title elementor-size-default\">Prices<\/h1>\t\t\t\t<\/div>\n\t\t\t\t<\/div>\n\t\t\t\t<section class=\"elementor-section elementor-inner-section elementor-element elementor-element-b804233 elementor-section-boxed elementor-section-height-default elementor-section-height-default\" data-id=\"b804233\" data-element_type=\"section\" data-e-type=\"section\">\n\t\t\t\t\t\t<div class=\"elementor-container elementor-column-gap-default\">\n\t\t\t\t\t<div class=\"elementor-column elementor-col-50 elementor-inner-column elementor-element elementor-element-acd8f4f\" data-id=\"acd8f4f\" data-element_type=\"column\" data-e-type=\"column\">\n\t\t\t<div class=\"elementor-widget-wrap elementor-element-populated\">\n\t\t\t\t\t\t<div class=\"elementor-element elementor-element-8e8cd1c elementor-widget elementor-widget-heading\" data-id=\"8e8cd1c\" data-element_type=\"widget\" data-e-type=\"widget\" data-widget_type=\"heading.default\">\n\t\t\t\t<div class=\"elementor-widget-container\">\n\t\t\t\t\t<h2 class=\"elementor-heading-title elementor-size-default\">Children and adults (minimum age 10 years) per person.<\/h2>\t\t\t\t<\/div>\n\t\t\t\t<\/div>\n\t\t\t\t<div class=\"elementor-element elementor-element-477b68f elementor-widget elementor-widget-heading\" data-id=\"477b68f\" data-element_type=\"widget\" data-e-type=\"widget\" data-widget_type=\"heading.default\">\n\t\t\t\t<div class=\"elementor-widget-container\">\n\t\t\t\t\t<h2 class=\"elementor-heading-title elementor-size-default\">Groups of 8-10 people per person.<\/h2>\t\t\t\t<\/div>\n\t\t\t\t<\/div>\n\t\t\t\t\t<\/div>\n\t\t<\/div>\n\t\t\t\t<div class=\"elementor-column elementor-col-50 elementor-inner-column elementor-element elementor-element-e51519a\" data-id=\"e51519a\" data-element_type=\"column\" data-e-type=\"column\">\n\t\t\t<div class=\"elementor-widget-wrap elementor-element-populated\">\n\t\t\t\t\t\t<div class=\"elementor-element elementor-element-fd39b6e elementor-widget elementor-widget-heading\" data-id=\"fd39b6e\" data-element_type=\"widget\" data-e-type=\"widget\" data-widget_type=\"heading.default\">\n\t\t\t\t<div class=\"elementor-widget-container\">\n\t\t\t\t\t<h2 class=\"elementor-heading-title elementor-size-default\">DKK. 325<\/h2>\t\t\t\t<\/div>\n\t\t\t\t<\/div>\n\t\t\t\t<div class=\"elementor-element elementor-element-8d1e5c9 elementor-widget elementor-widget-heading\" data-id=\"8d1e5c9\" data-element_type=\"widget\" data-e-type=\"widget\" data-widget_type=\"heading.default\">\n\t\t\t\t<div class=\"elementor-widget-container\">\n\t\t\t\t\t<h2 class=\"elementor-heading-title elementor-size-default\">Contact for price<\/h2>\t\t\t\t<\/div>\n\t\t\t\t<\/div>\n\t\t\t\t\t<\/div>\n\t\t<\/div>\n\t\t\t\t\t<\/div>\n\t\t<\/section>\n\t\t\t\t\t<\/div>\n\t\t<\/div>\n\t\t\t\t\t<\/div>\n\t\t<\/section>\n\t\t\t\t<section class=\"elementor-section elementor-top-section elementor-element elementor-element-8e05fb0 elementor-section-boxed elementor-section-height-default elementor-section-height-default\" data-id=\"8e05fb0\" data-element_type=\"section\" data-e-type=\"section\">\n\t\t\t\t\t\t<div class=\"elementor-container elementor-column-gap-default\">\n\t\t\t\t\t<div class=\"elementor-column elementor-col-100 elementor-top-column elementor-element elementor-element-b5947e7\" data-id=\"b5947e7\" data-element_type=\"column\" data-e-type=\"column\">\n\t\t\t<div class=\"elementor-widget-wrap elementor-element-populated\">\n\t\t\t\t\t\t<div class=\"elementor-element elementor-element-bd5870c elementor-widget-divider--separator-type-pattern elementor-widget-divider--view-line elementor-widget elementor-widget-divider\" data-id=\"bd5870c\" data-element_type=\"widget\" data-e-type=\"widget\" data-widget_type=\"divider.default\">\n\t\t\t\t<div class=\"elementor-widget-container\">\n\t\t\t\t\t\t\t<div class=\"elementor-divider\" style=\"--divider-pattern-url: url(&quot;data:image\/svg+xml,%3Csvg xmlns=&#039;http:\/\/www.w3.org\/2000\/svg&#039; preserveAspectRatio=&#039;none&#039; overflow=&#039;visible&#039; height=&#039;100%&#039; viewBox=&#039;0 0 24 24&#039; fill=&#039;none&#039; stroke=&#039;black&#039; stroke-width=&#039;1.5&#039; stroke-linecap=&#039;square&#039; stroke-miterlimit=&#039;10&#039;%3E%3Cpath d=&#039;M0,6c6,0,6,13,12,13S18,6,24,6&#039;\/%3E%3C\/svg%3E&quot;);\">\n\t\t\t<span class=\"elementor-divider-separator\">\n\t\t\t\t\t\t<\/span>\n\t\t<\/div>\n\t\t\t\t\t\t<\/div>\n\t\t\t\t<\/div>\n\t\t\t\t\t<\/div>\n\t\t<\/div>\n\t\t\t\t\t<\/div>\n\t\t<\/section>\n\t\t\t\t<section class=\"elementor-section elementor-top-section elementor-element elementor-element-54cd629 elementor-section-boxed elementor-section-height-default elementor-section-height-default\" data-id=\"54cd629\" data-element_type=\"section\" data-e-type=\"section\">\n\t\t\t\t\t\t<div class=\"elementor-container elementor-column-gap-default\">\n\t\t\t\t\t<div class=\"elementor-column elementor-col-100 elementor-top-column elementor-element elementor-element-2c306d1\" data-id=\"2c306d1\" data-element_type=\"column\" data-e-type=\"column\">\n\t\t\t<div class=\"elementor-widget-wrap elementor-element-populated\">\n\t\t\t\t\t\t<div class=\"elementor-element elementor-element-8cea3be elementor-widget elementor-widget-heading\" data-id=\"8cea3be\" data-element_type=\"widget\" data-e-type=\"widget\" data-widget_type=\"heading.default\">\n\t\t\t\t<div class=\"elementor-widget-container\">\n\t\t\t\t\t<h1 class=\"elementor-heading-title elementor-size-default\">Registration<\/h1>\t\t\t\t<\/div>\n\t\t\t\t<\/div>\n\t\t\t\t<div class=\"elementor-element elementor-element-1bab6b7 elementor-widget elementor-widget-heading\" data-id=\"1bab6b7\" data-element_type=\"widget\" data-e-type=\"widget\" data-widget_type=\"heading.default\">\n\t\t\t\t<div class=\"elementor-widget-container\">\n\t\t\t\t\t<h2 class=\"elementor-heading-title elementor-size-default\">Join the tour \u2013 the following dates are available to book in 2026.<\/h2>\t\t\t\t<\/div>\n\t\t\t\t<\/div>\n\t\t\t\t<div class=\"elementor-element elementor-element-45de1da elementor-widget elementor-widget-text-editor\" data-id=\"45de1da\" data-element_type=\"widget\" data-e-type=\"widget\" data-widget_type=\"text-editor.default\">\n\t\t\t\t<div class=\"elementor-widget-container\">\n\t\t\t\t\t\t\t\t\t<ul><li>Thursday, July 2 at 16:30<\/li><li>Torsdag den 2. juli kl. 16.30<\/li><li>Sunday, July 5 at 10:30<\/li><li>Tuesday, July 7 at 16:30<\/li><li>Thursday, July 9 at 16:30<\/li><li>Sunday, July 12 at 10:30<\/li><li>Tuesday, July 14 at 16:30<\/li><li>Thursday, July 16 at 16:30<\/li><li>Sunday, July 19 at 10:30<\/li><li>Tuesday, July 21 at 16:30<\/li><li>Thursday, July 23 at 16:30<\/li><li>Sunday, July 26 at 10:30<\/li><li>Tuesday, July 28 at 16:30<\/li><li>Thursday, July 30 at 16:30<\/li><li>Sunday, August 2 at 10:30<\/li><li>Tuesday, August 4 at 16:30<\/li><li>Thursday, August 6 at 16:30<\/li><li>Sunday, August 9 at 10:30<\/li><li>Then query for days.<\/li><\/ul>\t\t\t\t\t\t\t\t<\/div>\n\t\t\t\t<\/div>\n\t\t\t\t<div class=\"elementor-element elementor-element-9f9bae3 elementor-widget elementor-widget-heading\" data-id=\"9f9bae3\" data-element_type=\"widget\" data-e-type=\"widget\" data-widget_type=\"heading.default\">\n\t\t\t\t<div class=\"elementor-widget-container\">\n\t\t\t\t\t<h2 class=\"elementor-heading-title elementor-size-default\">Send an email to rd@tejnif.dk<\/h2>\t\t\t\t<\/div>\n\t\t\t\t<\/div>\n\t\t\t\t\t<\/div>\n\t\t<\/div>\n\t\t\t\t\t<\/div>\n\t\t<\/section>\n\t\t\t\t<\/div>","protected":false},"excerpt":{"rendered":"<p>Priser B\u00f8rn og voksne (min alder 10 \u00e5r) pr. person Grupper 8-10 personer pr person kr. 325 Kontakt for pris Tilmelding Kom med p\u00e5 tur &#8211; f\u00f8lgende dage kan bookes 2026: Tirsdag den 30. Juni kl. 16.30 Torsdag den 2. juli kl. 16.30 S\u00f8ndag den 5. juli kl. 10.30 Tirsdag den 7. juli kl. 16.30 [&hellip;]<\/p>\n","protected":false},"author":2,"featured_media":0,"parent":0,"menu_order":0,"comment_status":"closed","ping_status":"closed","template":"","meta":{"ocean_post_layout":"full-width","ocean_both_sidebars_style":"","ocean_both_sidebars_content_width":0,"ocean_both_sidebars_sidebars_width":0,"ocean_sidebar":"0","ocean_second_sidebar":"0","ocean_disable_margins":"enable","ocean_add_body_class":"","ocean_shortcode_before_top_bar":"","ocean_shortcode_after_top_bar":"","ocean_shortcode_before_header":"","ocean_shortcode_after_header":"","ocean_has_shortcode":"","ocean_shortcode_after_title":"","ocean_shortcode_before_footer_widgets":"","ocean_shortcode_after_footer_widgets":"","ocean_shortcode_before_footer_bottom":"","ocean_shortcode_after_footer_bottom":"","ocean_display_top_bar":"default","ocean_display_header":"default","ocean_header_style":"","ocean_center_header_left_menu":"0","ocean_custom_header_template":"0","ocean_custom_logo":0,"ocean_custom_retina_logo":0,"ocean_custom_logo_max_width":0,"ocean_custom_logo_tablet_max_width":0,"ocean_custom_logo_mobile_max_width":0,"ocean_custom_logo_max_height":0,"ocean_custom_logo_tablet_max_height":0,"ocean_custom_logo_mobile_max_height":0,"ocean_header_custom_menu":"0","ocean_menu_typo_font_family":"0","ocean_menu_typo_font_subset":"","ocean_menu_typo_font_size":0,"ocean_menu_typo_font_size_tablet":0,"ocean_menu_typo_font_size_mobile":0,"ocean_menu_typo_font_size_unit":"px","ocean_menu_typo_font_weight":"","ocean_menu_typo_font_weight_tablet":"","ocean_menu_typo_font_weight_mobile":"","ocean_menu_typo_transform":"","ocean_menu_typo_transform_tablet":"","ocean_menu_typo_transform_mobile":"","ocean_menu_typo_line_height":0,"ocean_menu_typo_line_height_tablet":0,"ocean_menu_typo_line_height_mobile":0,"ocean_menu_typo_line_height_unit":"","ocean_menu_typo_spacing":0,"ocean_menu_typo_spacing_tablet":0,"ocean_menu_typo_spacing_mobile":0,"ocean_menu_typo_spacing_unit":"","ocean_menu_link_color":"","ocean_menu_link_color_hover":"","ocean_menu_link_color_active":"","ocean_menu_link_background":"","ocean_menu_link_hover_background":"","ocean_menu_link_active_background":"","ocean_menu_social_links_bg":"","ocean_menu_social_hover_links_bg":"","ocean_menu_social_links_color":"","ocean_menu_social_hover_links_color":"","ocean_disable_title":"default","ocean_disable_heading":"default","ocean_post_title":"","ocean_post_subheading":"","ocean_post_title_style":"background-image","ocean_post_title_background_color":"","ocean_post_title_background":710,"ocean_post_title_bg_image_position":"center center","ocean_post_title_bg_image_attachment":"","ocean_post_title_bg_image_repeat":"","ocean_post_title_bg_image_size":"","ocean_post_title_height":0,"ocean_post_title_bg_overlay":0.5,"ocean_post_title_bg_overlay_color":"","ocean_disable_breadcrumbs":"off","ocean_breadcrumbs_color":"","ocean_breadcrumbs_separator_color":"","ocean_breadcrumbs_links_color":"","ocean_breadcrumbs_links_hover_color":"","ocean_display_footer_widgets":"default","ocean_display_footer_bottom":"default","ocean_custom_footer_template":"0","footnotes":""},"class_list":["post-786","page","type-page","status-publish","hentry","entry"],"yoast_head":"<!-- This site is optimized with the Yoast SEO plugin v27.3 - https:\/\/yoast.com\/product\/yoast-seo-wordpress\/ -->\n<title>Priser &amp; Tilmelding - Coasteering Bornholm<\/title>\n<meta name=\"robots\" content=\"index, follow, max-snippet:-1, max-image-preview:large, max-video-preview:-1\" \/>\n<link rel=\"canonical\" href=\"https:\/\/coasteeringbornholm.dk\/en\/priser-tilmelding\/\" \/>\n<meta property=\"og:locale\" content=\"en_US\" \/>\n<meta property=\"og:type\" content=\"article\" \/>\n<meta property=\"og:title\" content=\"Priser &amp; Tilmelding - Coasteering Bornholm\" \/>\n<meta property=\"og:description\" content=\"Priser B\u00f8rn og voksne (min alder 10 \u00e5r) pr. person Grupper 8-10 personer pr person kr. 325 Kontakt for pris Tilmelding Kom med p\u00e5 tur &#8211; f\u00f8lgende dage kan bookes 2026: Tirsdag den 30. Juni kl. 16.30 Torsdag den 2. juli kl. 16.30 S\u00f8ndag den 5. juli kl. 10.30 Tirsdag den 7. juli kl. 16.30 [&hellip;]\" \/>\n<meta property=\"og:url\" content=\"https:\/\/coasteeringbornholm.dk\/en\/priser-tilmelding\/\" \/>\n<meta property=\"og:site_name\" content=\"Coasteering Bornholm\" \/>\n<meta property=\"article:publisher\" content=\"https:\/\/www.facebook.com\/CoasteeringBornholm\/\" \/>\n<meta property=\"article:modified_time\" content=\"2026-04-06T18:55:11+00:00\" \/>\n<meta name=\"twitter:card\" content=\"summary_large_image\" \/>\n<meta name=\"twitter:label1\" content=\"Est. reading time\" \/>\n\t<meta name=\"twitter:data1\" content=\"1 minute\" \/>\n<script type=\"application\/ld+json\" class=\"yoast-schema-graph\">{\"@context\":\"https:\\\/\\\/schema.org\",\"@graph\":[{\"@type\":\"WebPage\",\"@id\":\"https:\\\/\\\/coasteeringbornholm.dk\\\/priser-tilmelding\\\/\",\"url\":\"https:\\\/\\\/coasteeringbornholm.dk\\\/priser-tilmelding\\\/\",\"name\":\"Priser & Tilmelding - Coasteering Bornholm\",\"isPartOf\":{\"@id\":\"https:\\\/\\\/coasteeringbornholm.dk\\\/#website\"},\"datePublished\":\"2022-07-30T22:30:53+00:00\",\"dateModified\":\"2026-04-06T18:55:11+00:00\",\"breadcrumb\":{\"@id\":\"https:\\\/\\\/coasteeringbornholm.dk\\\/priser-tilmelding\\\/#breadcrumb\"},\"inLanguage\":\"en-US\",\"potentialAction\":[{\"@type\":\"ReadAction\",\"target\":[\"https:\\\/\\\/coasteeringbornholm.dk\\\/priser-tilmelding\\\/\"]}]},{\"@type\":\"BreadcrumbList\",\"@id\":\"https:\\\/\\\/coasteeringbornholm.dk\\\/priser-tilmelding\\\/#breadcrumb\",\"itemListElement\":[{\"@type\":\"ListItem\",\"position\":1,\"name\":\"Hjem\",\"item\":\"https:\\\/\\\/coasteeringbornholm.dk\\\/\"},{\"@type\":\"ListItem\",\"position\":2,\"name\":\"Priser &#038; Tilmelding\"}]},{\"@type\":\"WebSite\",\"@id\":\"https:\\\/\\\/coasteeringbornholm.dk\\\/#website\",\"url\":\"https:\\\/\\\/coasteeringbornholm.dk\\\/\",\"name\":\"Coasteering Bornholm\",\"description\":\"Coasteering p\u00e5 Bornholm\",\"publisher\":{\"@id\":\"https:\\\/\\\/coasteeringbornholm.dk\\\/#organization\"},\"potentialAction\":[{\"@type\":\"SearchAction\",\"target\":{\"@type\":\"EntryPoint\",\"urlTemplate\":\"https:\\\/\\\/coasteeringbornholm.dk\\\/?s={search_term_string}\"},\"query-input\":{\"@type\":\"PropertyValueSpecification\",\"valueRequired\":true,\"valueName\":\"search_term_string\"}}],\"inLanguage\":\"en-US\"},{\"@type\":\"Organization\",\"@id\":\"https:\\\/\\\/coasteeringbornholm.dk\\\/#organization\",\"name\":\"Coasteering Bornholm\",\"url\":\"https:\\\/\\\/coasteeringbornholm.dk\\\/\",\"logo\":{\"@type\":\"ImageObject\",\"inLanguage\":\"en-US\",\"@id\":\"https:\\\/\\\/coasteeringbornholm.dk\\\/#\\\/schema\\\/logo\\\/image\\\/\",\"url\":\"https:\\\/\\\/coasteeringbornholm.dk\\\/wp-content\\\/uploads\\\/2022\\\/07\\\/Ikke-navngivet-1-1.png\",\"contentUrl\":\"https:\\\/\\\/coasteeringbornholm.dk\\\/wp-content\\\/uploads\\\/2022\\\/07\\\/Ikke-navngivet-1-1.png\",\"width\":600,\"height\":136,\"caption\":\"Coasteering Bornholm\"},\"image\":{\"@id\":\"https:\\\/\\\/coasteeringbornholm.dk\\\/#\\\/schema\\\/logo\\\/image\\\/\"},\"sameAs\":[\"https:\\\/\\\/www.facebook.com\\\/CoasteeringBornholm\\\/\"]}]}<\/script>\n<!-- \/ Yoast SEO plugin. -->","yoast_head_json":{"title":"Priser & Tilmelding - Coasteering Bornholm","robots":{"index":"index","follow":"follow","max-snippet":"max-snippet:-1","max-image-preview":"max-image-preview:large","max-video-preview":"max-video-preview:-1"},"canonical":"https:\/\/coasteeringbornholm.dk\/en\/priser-tilmelding\/","og_locale":"en_US","og_type":"article","og_title":"Priser & Tilmelding - Coasteering Bornholm","og_description":"Priser B\u00f8rn og voksne (min alder 10 \u00e5r) pr. person Grupper 8-10 personer pr person kr. 325 Kontakt for pris Tilmelding Kom med p\u00e5 tur &#8211; f\u00f8lgende dage kan bookes 2026: Tirsdag den 30. Juni kl. 16.30 Torsdag den 2. juli kl. 16.30 S\u00f8ndag den 5. juli kl. 10.30 Tirsdag den 7. juli kl. 16.30 [&hellip;]","og_url":"https:\/\/coasteeringbornholm.dk\/en\/priser-tilmelding\/","og_site_name":"Coasteering Bornholm","article_publisher":"https:\/\/www.facebook.com\/CoasteeringBornholm\/","article_modified_time":"2026-04-06T18:55:11+00:00","twitter_card":"summary_large_image","twitter_misc":{"Est. reading time":"1 minute"},"schema":{"@context":"https:\/\/schema.org","@graph":[{"@type":"WebPage","@id":"https:\/\/coasteeringbornholm.dk\/priser-tilmelding\/","url":"https:\/\/coasteeringbornholm.dk\/priser-tilmelding\/","name":"Priser & Tilmelding - Coasteering Bornholm","isPartOf":{"@id":"https:\/\/coasteeringbornholm.dk\/#website"},"datePublished":"2022-07-30T22:30:53+00:00","dateModified":"2026-04-06T18:55:11+00:00","breadcrumb":{"@id":"https:\/\/coasteeringbornholm.dk\/priser-tilmelding\/#breadcrumb"},"inLanguage":"en-US","potentialAction":[{"@type":"ReadAction","target":["https:\/\/coasteeringbornholm.dk\/priser-tilmelding\/"]}]},{"@type":"BreadcrumbList","@id":"https:\/\/coasteeringbornholm.dk\/priser-tilmelding\/#breadcrumb","itemListElement":[{"@type":"ListItem","position":1,"name":"Hjem","item":"https:\/\/coasteeringbornholm.dk\/"},{"@type":"ListItem","position":2,"name":"Priser &#038; Tilmelding"}]},{"@type":"WebSite","@id":"https:\/\/coasteeringbornholm.dk\/#website","url":"https:\/\/coasteeringbornholm.dk\/","name":"Coasteering Bornholm","description":"Coasteering p\u00e5 Bornholm","publisher":{"@id":"https:\/\/coasteeringbornholm.dk\/#organization"},"potentialAction":[{"@type":"SearchAction","target":{"@type":"EntryPoint","urlTemplate":"https:\/\/coasteeringbornholm.dk\/?s={search_term_string}"},"query-input":{"@type":"PropertyValueSpecification","valueRequired":true,"valueName":"search_term_string"}}],"inLanguage":"en-US"},{"@type":"Organization","@id":"https:\/\/coasteeringbornholm.dk\/#organization","name":"Coasteering Bornholm","url":"https:\/\/coasteeringbornholm.dk\/","logo":{"@type":"ImageObject","inLanguage":"en-US","@id":"https:\/\/coasteeringbornholm.dk\/#\/schema\/logo\/image\/","url":"https:\/\/coasteeringbornholm.dk\/wp-content\/uploads\/2022\/07\/Ikke-navngivet-1-1.png","contentUrl":"https:\/\/coasteeringbornholm.dk\/wp-content\/uploads\/2022\/07\/Ikke-navngivet-1-1.png","width":600,"height":136,"caption":"Coasteering Bornholm"},"image":{"@id":"https:\/\/coasteeringbornholm.dk\/#\/schema\/logo\/image\/"},"sameAs":["https:\/\/www.facebook.com\/CoasteeringBornholm\/"]}]}},"_links":{"self":[{"href":"https:\/\/coasteeringbornholm.dk\/en\/wp-json\/wp\/v2\/pages\/786","targetHints":{"allow":["GET"]}}],"collection":[{"href":"https:\/\/coasteeringbornholm.dk\/en\/wp-json\/wp\/v2\/pages"}],"about":[{"href":"https:\/\/coasteeringbornholm.dk\/en\/wp-json\/wp\/v2\/types\/page"}],"author":[{"embeddable":true,"href":"https:\/\/coasteeringbornholm.dk\/en\/wp-json\/wp\/v2\/users\/2"}],"replies":[{"embeddable":true,"href":"https:\/\/coasteeringbornholm.dk\/en\/wp-json\/wp\/v2\/comments?post=786"}],"version-history":[{"count":62,"href":"https:\/\/coasteeringbornholm.dk\/en\/wp-json\/wp\/v2\/pages\/786\/revisions"}],"predecessor-version":[{"id":1087,"href":"https:\/\/coasteeringbornholm.dk\/en\/wp-json\/wp\/v2\/pages\/786\/revisions\/1087"}],"wp:attachment":[{"href":"https:\/\/coasteeringbornholm.dk\/en\/wp-json\/wp\/v2\/media?parent=786"}],"curies":[{"name":"wp","href":"https:\/\/api.w.org\/{rel}","templated":true}]}}