{"id":811,"date":"2022-07-31T00:38:20","date_gmt":"2022-07-30T22:38:20","guid":{"rendered":"http:\/\/coasteeringbornholm.dk\/?page_id=811"},"modified":"2025-06-30T18:43:30","modified_gmt":"2025-06-30T16:43:30","slug":"faq","status":"publish","type":"page","link":"https:\/\/coasteeringbornholm.dk\/en\/faq\/","title":{"rendered":"FAQ"},"content":{"rendered":"<div data-elementor-type=\"wp-post\" data-elementor-id=\"811\" class=\"elementor elementor-811\">\n\t\t\t\t\t\t<section class=\"elementor-section elementor-top-section elementor-element elementor-element-829e3bf elementor-section-boxed elementor-section-height-default elementor-section-height-default\" data-id=\"829e3bf\" data-element_type=\"section\" data-e-type=\"section\">\n\t\t\t\t\t\t<div class=\"elementor-container elementor-column-gap-default\">\n\t\t\t\t\t<div class=\"elementor-column elementor-col-100 elementor-top-column elementor-element elementor-element-96a25ce\" data-id=\"96a25ce\" data-element_type=\"column\" data-e-type=\"column\">\n\t\t\t<div class=\"elementor-widget-wrap elementor-element-populated\">\n\t\t\t\t\t\t<div class=\"elementor-element elementor-element-412b9b4 elementor-widget elementor-widget-text-editor\" data-id=\"412b9b4\" data-element_type=\"widget\" data-e-type=\"widget\" data-widget_type=\"text-editor.default\">\n\t\t\t\t<div class=\"elementor-widget-container\">\n\t\t\t\t\t\t\t\t\t<h2>What is coasteering?<\/h2>\n<p>Coasteering is an outdoor activity that explores the coastline at sea level. All coasteering sessions are tailored to suit your or your group's expectations and abilities and may include cliff jumping, climbing, adventure swimming, hopping, and much more.<\/p>\n<h2><strong>Where can we do coasteering?<\/strong><\/h2>\n<p>At Helligdomsklipperne\/Dyndalen or Hammerhavnen. Depending on the wind conditions.<\/p>\n<h2><strong>When can I go coasteering and how long does it last?<\/strong><\/h2>\n<p>We offer coasteering on Tuesdays and Thursdays at 17:00 and on Sundays at 10:30, from June to September. Minimum 4 participants.<\/p>\n<p>Duration is 2-2.5 hours.<\/p>\n<p>Groups can make individual arrangements.<\/p>\n<h2><strong>What is the minimum age requirement?<\/strong><\/h2>\n<p>The minimum age requirement is 10 years old and participants must be able to swim.<\/p>\n<h2><strong>What do we need to bring?<\/strong><\/h2>\n<p>You will need to bring swimwear, a towel, and a pair of sneakers for use in water. We provide the rest, including wetsuits, life jackets, and helmets. You may bring your own wetsuit if you prefer.<\/p>\n<h2><strong>What if I can't swim?<\/strong><\/h2>\n<p>If you cannot swim, then unfortunately you will have to wait until you are able to do so before attempting coasteering.<\/p>\n<h2><strong>Will I get cold, and what if it rains?<\/strong><\/h2>\n<p>Your first dip will be refreshing, after which the wetsuits will keep you warm throughout your tour. Rain or sunshine - we can go on the coastal trip, as you will be very wet anyway.<\/p>\t\t\t\t\t\t\t\t<\/div>\n\t\t\t\t<\/div>\n\t\t\t\t\t<\/div>\n\t\t<\/div>\n\t\t\t\t\t<\/div>\n\t\t<\/section>\n\t\t\t\t<\/div>","protected":false},"excerpt":{"rendered":"<p>Hvad er coasteering? Coasteering er en udend\u00f8rs aktivitet, der udforsker kysten ved havoverfladen. Alle Coasteering-sessioner er skr\u00e6ddersyet til at passe til din eller din gruppes forventninger og evner og kan omfatte klippespring, klatring, eventyrsv\u00f8mning, hop og meget mere. Hvor kan vi lave Coasteering? Ved Helligdomsklipperne\/Dyndalen eller Hammerhavnen. Alt efter vinden. Hvorn\u00e5r kan jeg tage p\u00e5 [&hellip;]<\/p>\n","protected":false},"author":2,"featured_media":0,"parent":0,"menu_order":0,"comment_status":"closed","ping_status":"closed","template":"","meta":{"ocean_post_layout":"full-width","ocean_both_sidebars_style":"","ocean_both_sidebars_content_width":0,"ocean_both_sidebars_sidebars_width":0,"ocean_sidebar":"0","ocean_second_sidebar":"0","ocean_disable_margins":"enable","ocean_add_body_class":"","ocean_shortcode_before_top_bar":"","ocean_shortcode_after_top_bar":"","ocean_shortcode_before_header":"","ocean_shortcode_after_header":"","ocean_has_shortcode":"","ocean_shortcode_after_title":"","ocean_shortcode_before_footer_widgets":"","ocean_shortcode_after_footer_widgets":"","ocean_shortcode_before_footer_bottom":"","ocean_shortcode_after_footer_bottom":"","ocean_display_top_bar":"default","ocean_display_header":"default","ocean_header_style":"","ocean_center_header_left_menu":"0","ocean_custom_header_template":"0","ocean_custom_logo":0,"ocean_custom_retina_logo":0,"ocean_custom_logo_max_width":0,"ocean_custom_logo_tablet_max_width":0,"ocean_custom_logo_mobile_max_width":0,"ocean_custom_logo_max_height":0,"ocean_custom_logo_tablet_max_height":0,"ocean_custom_logo_mobile_max_height":0,"ocean_header_custom_menu":"0","ocean_menu_typo_font_family":"0","ocean_menu_typo_font_subset":"","ocean_menu_typo_font_size":0,"ocean_menu_typo_font_size_tablet":0,"ocean_menu_typo_font_size_mobile":0,"ocean_menu_typo_font_size_unit":"px","ocean_menu_typo_font_weight":"","ocean_menu_typo_font_weight_tablet":"","ocean_menu_typo_font_weight_mobile":"","ocean_menu_typo_transform":"","ocean_menu_typo_transform_tablet":"","ocean_menu_typo_transform_mobile":"","ocean_menu_typo_line_height":0,"ocean_menu_typo_line_height_tablet":0,"ocean_menu_typo_line_height_mobile":0,"ocean_menu_typo_line_height_unit":"","ocean_menu_typo_spacing":0,"ocean_menu_typo_spacing_tablet":0,"ocean_menu_typo_spacing_mobile":0,"ocean_menu_typo_spacing_unit":"","ocean_menu_link_color":"","ocean_menu_link_color_hover":"","ocean_menu_link_color_active":"","ocean_menu_link_background":"","ocean_menu_link_hover_background":"","ocean_menu_link_active_background":"","ocean_menu_social_links_bg":"","ocean_menu_social_hover_links_bg":"","ocean_menu_social_links_color":"","ocean_menu_social_hover_links_color":"","ocean_disable_title":"default","ocean_disable_heading":"default","ocean_post_title":"","ocean_post_subheading":"","ocean_post_title_style":"background-image","ocean_post_title_background_color":"","ocean_post_title_background":710,"ocean_post_title_bg_image_position":"center center","ocean_post_title_bg_image_attachment":"","ocean_post_title_bg_image_repeat":"","ocean_post_title_bg_image_size":"","ocean_post_title_height":0,"ocean_post_title_bg_overlay":0.5,"ocean_post_title_bg_overlay_color":"","ocean_disable_breadcrumbs":"off","ocean_breadcrumbs_color":"","ocean_breadcrumbs_separator_color":"","ocean_breadcrumbs_links_color":"","ocean_breadcrumbs_links_hover_color":"","ocean_display_footer_widgets":"default","ocean_display_footer_bottom":"default","ocean_custom_footer_template":"0","footnotes":""},"class_list":["post-811","page","type-page","status-publish","hentry","entry"],"yoast_head":"<!-- This site is optimized with the Yoast SEO plugin v27.3 - https:\/\/yoast.com\/product\/yoast-seo-wordpress\/ -->\n<title>FAQ - Coasteering Bornholm<\/title>\n<meta name=\"robots\" content=\"index, follow, max-snippet:-1, max-image-preview:large, max-video-preview:-1\" \/>\n<link rel=\"canonical\" href=\"https:\/\/coasteeringbornholm.dk\/en\/faq\/\" \/>\n<meta property=\"og:locale\" content=\"en_US\" \/>\n<meta property=\"og:type\" content=\"article\" \/>\n<meta property=\"og:title\" content=\"FAQ - Coasteering Bornholm\" \/>\n<meta property=\"og:description\" content=\"Hvad er coasteering? Coasteering er en udend\u00f8rs aktivitet, der udforsker kysten ved havoverfladen. Alle Coasteering-sessioner er skr\u00e6ddersyet til at passe til din eller din gruppes forventninger og evner og kan omfatte klippespring, klatring, eventyrsv\u00f8mning, hop og meget mere. Hvor kan vi lave Coasteering? Ved Helligdomsklipperne\/Dyndalen eller Hammerhavnen. Alt efter vinden. Hvorn\u00e5r kan jeg tage p\u00e5 [&hellip;]\" \/>\n<meta property=\"og:url\" content=\"https:\/\/coasteeringbornholm.dk\/en\/faq\/\" \/>\n<meta property=\"og:site_name\" content=\"Coasteering Bornholm\" \/>\n<meta property=\"article:publisher\" content=\"https:\/\/www.facebook.com\/CoasteeringBornholm\/\" \/>\n<meta property=\"article:modified_time\" content=\"2025-06-30T16:43:30+00:00\" \/>\n<meta name=\"twitter:card\" content=\"summary_large_image\" \/>\n<meta name=\"twitter:label1\" content=\"Est. reading time\" \/>\n\t<meta name=\"twitter:data1\" content=\"2 minutes\" \/>\n<script type=\"application\/ld+json\" class=\"yoast-schema-graph\">{\"@context\":\"https:\\\/\\\/schema.org\",\"@graph\":[{\"@type\":\"WebPage\",\"@id\":\"https:\\\/\\\/coasteeringbornholm.dk\\\/faq\\\/\",\"url\":\"https:\\\/\\\/coasteeringbornholm.dk\\\/faq\\\/\",\"name\":\"FAQ - Coasteering Bornholm\",\"isPartOf\":{\"@id\":\"https:\\\/\\\/coasteeringbornholm.dk\\\/#website\"},\"datePublished\":\"2022-07-30T22:38:20+00:00\",\"dateModified\":\"2025-06-30T16:43:30+00:00\",\"breadcrumb\":{\"@id\":\"https:\\\/\\\/coasteeringbornholm.dk\\\/faq\\\/#breadcrumb\"},\"inLanguage\":\"en-US\",\"potentialAction\":[{\"@type\":\"ReadAction\",\"target\":[\"https:\\\/\\\/coasteeringbornholm.dk\\\/faq\\\/\"]}]},{\"@type\":\"BreadcrumbList\",\"@id\":\"https:\\\/\\\/coasteeringbornholm.dk\\\/faq\\\/#breadcrumb\",\"itemListElement\":[{\"@type\":\"ListItem\",\"position\":1,\"name\":\"Hjem\",\"item\":\"https:\\\/\\\/coasteeringbornholm.dk\\\/\"},{\"@type\":\"ListItem\",\"position\":2,\"name\":\"FAQ\"}]},{\"@type\":\"WebSite\",\"@id\":\"https:\\\/\\\/coasteeringbornholm.dk\\\/#website\",\"url\":\"https:\\\/\\\/coasteeringbornholm.dk\\\/\",\"name\":\"Coasteering Bornholm\",\"description\":\"Coasteering p\u00e5 Bornholm\",\"publisher\":{\"@id\":\"https:\\\/\\\/coasteeringbornholm.dk\\\/#organization\"},\"potentialAction\":[{\"@type\":\"SearchAction\",\"target\":{\"@type\":\"EntryPoint\",\"urlTemplate\":\"https:\\\/\\\/coasteeringbornholm.dk\\\/?s={search_term_string}\"},\"query-input\":{\"@type\":\"PropertyValueSpecification\",\"valueRequired\":true,\"valueName\":\"search_term_string\"}}],\"inLanguage\":\"en-US\"},{\"@type\":\"Organization\",\"@id\":\"https:\\\/\\\/coasteeringbornholm.dk\\\/#organization\",\"name\":\"Coasteering Bornholm\",\"url\":\"https:\\\/\\\/coasteeringbornholm.dk\\\/\",\"logo\":{\"@type\":\"ImageObject\",\"inLanguage\":\"en-US\",\"@id\":\"https:\\\/\\\/coasteeringbornholm.dk\\\/#\\\/schema\\\/logo\\\/image\\\/\",\"url\":\"https:\\\/\\\/coasteeringbornholm.dk\\\/wp-content\\\/uploads\\\/2022\\\/07\\\/Ikke-navngivet-1-1.png\",\"contentUrl\":\"https:\\\/\\\/coasteeringbornholm.dk\\\/wp-content\\\/uploads\\\/2022\\\/07\\\/Ikke-navngivet-1-1.png\",\"width\":600,\"height\":136,\"caption\":\"Coasteering Bornholm\"},\"image\":{\"@id\":\"https:\\\/\\\/coasteeringbornholm.dk\\\/#\\\/schema\\\/logo\\\/image\\\/\"},\"sameAs\":[\"https:\\\/\\\/www.facebook.com\\\/CoasteeringBornholm\\\/\"]}]}<\/script>\n<!-- \/ Yoast SEO plugin. -->","yoast_head_json":{"title":"FAQ - Coasteering Bornholm","robots":{"index":"index","follow":"follow","max-snippet":"max-snippet:-1","max-image-preview":"max-image-preview:large","max-video-preview":"max-video-preview:-1"},"canonical":"https:\/\/coasteeringbornholm.dk\/en\/faq\/","og_locale":"en_US","og_type":"article","og_title":"FAQ - Coasteering Bornholm","og_description":"Hvad er coasteering? Coasteering er en udend\u00f8rs aktivitet, der udforsker kysten ved havoverfladen. Alle Coasteering-sessioner er skr\u00e6ddersyet til at passe til din eller din gruppes forventninger og evner og kan omfatte klippespring, klatring, eventyrsv\u00f8mning, hop og meget mere. Hvor kan vi lave Coasteering? Ved Helligdomsklipperne\/Dyndalen eller Hammerhavnen. Alt efter vinden. Hvorn\u00e5r kan jeg tage p\u00e5 [&hellip;]","og_url":"https:\/\/coasteeringbornholm.dk\/en\/faq\/","og_site_name":"Coasteering Bornholm","article_publisher":"https:\/\/www.facebook.com\/CoasteeringBornholm\/","article_modified_time":"2025-06-30T16:43:30+00:00","twitter_card":"summary_large_image","twitter_misc":{"Est. reading time":"2 minutes"},"schema":{"@context":"https:\/\/schema.org","@graph":[{"@type":"WebPage","@id":"https:\/\/coasteeringbornholm.dk\/faq\/","url":"https:\/\/coasteeringbornholm.dk\/faq\/","name":"FAQ - Coasteering Bornholm","isPartOf":{"@id":"https:\/\/coasteeringbornholm.dk\/#website"},"datePublished":"2022-07-30T22:38:20+00:00","dateModified":"2025-06-30T16:43:30+00:00","breadcrumb":{"@id":"https:\/\/coasteeringbornholm.dk\/faq\/#breadcrumb"},"inLanguage":"en-US","potentialAction":[{"@type":"ReadAction","target":["https:\/\/coasteeringbornholm.dk\/faq\/"]}]},{"@type":"BreadcrumbList","@id":"https:\/\/coasteeringbornholm.dk\/faq\/#breadcrumb","itemListElement":[{"@type":"ListItem","position":1,"name":"Hjem","item":"https:\/\/coasteeringbornholm.dk\/"},{"@type":"ListItem","position":2,"name":"FAQ"}]},{"@type":"WebSite","@id":"https:\/\/coasteeringbornholm.dk\/#website","url":"https:\/\/coasteeringbornholm.dk\/","name":"Coasteering Bornholm","description":"Coasteering p\u00e5 Bornholm","publisher":{"@id":"https:\/\/coasteeringbornholm.dk\/#organization"},"potentialAction":[{"@type":"SearchAction","target":{"@type":"EntryPoint","urlTemplate":"https:\/\/coasteeringbornholm.dk\/?s={search_term_string}"},"query-input":{"@type":"PropertyValueSpecification","valueRequired":true,"valueName":"search_term_string"}}],"inLanguage":"en-US"},{"@type":"Organization","@id":"https:\/\/coasteeringbornholm.dk\/#organization","name":"Coasteering Bornholm","url":"https:\/\/coasteeringbornholm.dk\/","logo":{"@type":"ImageObject","inLanguage":"en-US","@id":"https:\/\/coasteeringbornholm.dk\/#\/schema\/logo\/image\/","url":"https:\/\/coasteeringbornholm.dk\/wp-content\/uploads\/2022\/07\/Ikke-navngivet-1-1.png","contentUrl":"https:\/\/coasteeringbornholm.dk\/wp-content\/uploads\/2022\/07\/Ikke-navngivet-1-1.png","width":600,"height":136,"caption":"Coasteering Bornholm"},"image":{"@id":"https:\/\/coasteeringbornholm.dk\/#\/schema\/logo\/image\/"},"sameAs":["https:\/\/www.facebook.com\/CoasteeringBornholm\/"]}]}},"_links":{"self":[{"href":"https:\/\/coasteeringbornholm.dk\/en\/wp-json\/wp\/v2\/pages\/811","targetHints":{"allow":["GET"]}}],"collection":[{"href":"https:\/\/coasteeringbornholm.dk\/en\/wp-json\/wp\/v2\/pages"}],"about":[{"href":"https:\/\/coasteeringbornholm.dk\/en\/wp-json\/wp\/v2\/types\/page"}],"author":[{"embeddable":true,"href":"https:\/\/coasteeringbornholm.dk\/en\/wp-json\/wp\/v2\/users\/2"}],"replies":[{"embeddable":true,"href":"https:\/\/coasteeringbornholm.dk\/en\/wp-json\/wp\/v2\/comments?post=811"}],"version-history":[{"count":10,"href":"https:\/\/coasteeringbornholm.dk\/en\/wp-json\/wp\/v2\/pages\/811\/revisions"}],"predecessor-version":[{"id":1070,"href":"https:\/\/coasteeringbornholm.dk\/en\/wp-json\/wp\/v2\/pages\/811\/revisions\/1070"}],"wp:attachment":[{"href":"https:\/\/coasteeringbornholm.dk\/en\/wp-json\/wp\/v2\/media?parent=811"}],"curies":[{"name":"wp","href":"https:\/\/api.w.org\/{rel}","templated":true}]}}